{"id":2244,"date":"2024-05-07T03:20:14","date_gmt":"2024-05-07T07:20:14","guid":{"rendered":"https:\/\/www.curacao-agents.com\/?page_id=2244"},"modified":"2025-06-05T09:08:27","modified_gmt":"2025-06-05T13:08:27","slug":"noticias","status":"publish","type":"page","link":"https:\/\/www.curacao-agents.com\/pt-br\/noticias\/","title":{"rendered":"Not\u00edcias"},"content":{"rendered":"<p>[et_pb_section fb_built=&#8221;1&#8243; _builder_version=&#8221;4.27.4&#8243; _module_preset=&#8221;default&#8221; background_image=&#8221;https:\/\/www.curacao-agents.com\/wp-content\/uploads\/2025\/03\/CTBE_Beach-1.jpg&#8221; custom_margin=&#8221;0px||0px||false|false&#8221; custom_padding=&#8221;0px||0px||false|false&#8221; locked=&#8221;off&#8221; global_colors_info=&#8221;{}&#8221;][et_pb_row module_id=&#8221;hero&#8221; _builder_version=&#8221;4.16&#8243; _module_preset=&#8221;default&#8221; width=&#8221;100%&#8221; height=&#8221;550px&#8221; custom_margin=&#8221;||||false|false&#8221; custom_padding=&#8221;||||false|false&#8221; global_colors_info=&#8221;{}&#8221;][et_pb_column type=&#8221;4_4&#8243; _builder_version=&#8221;4.16&#8243; _module_preset=&#8221;default&#8221; global_colors_info=&#8221;{}&#8221;][et_pb_text module_class=&#8221;brandon&#8221; _builder_version=&#8221;4.27.4&#8243; _module_preset=&#8221;default&#8221; text_text_color=&#8221;#FFFFFF&#8221; text_font_size=&#8221;36px&#8221; text_line_height=&#8221;1.1em&#8221; header_font=&#8221;||||||||&#8221; header_text_align=&#8221;center&#8221; header_text_color=&#8221;#FFFFFF&#8221; header_font_size=&#8221;110px&#8221; header_line_height=&#8221;0.9em&#8221; background_enable_image=&#8221;off&#8221; text_orientation=&#8221;center&#8221; width=&#8221;80%&#8221; max_width=&#8221;1080px&#8221; module_alignment=&#8221;center&#8221; hover_enabled=&#8221;0&#8243; header_font_size_tablet=&#8221;&#8221; header_font_size_phone=&#8221;80px&#8221; header_font_size_last_edited=&#8221;on|phone&#8221; locked=&#8221;off&#8221; global_colors_info=&#8221;{}&#8221; sticky_enabled=&#8221;0&#8243;]<\/p>\n<h1>NOT\u00cdCIAS E ATUALIZA\u00c7\u00d5ES<\/h1>\n<p>[\/et_pb_text][\/et_pb_column][\/et_pb_row][\/et_pb_section][et_pb_section fb_built=&#8221;1&#8243; _builder_version=&#8221;4.16&#8243; _module_preset=&#8221;default&#8221; global_colors_info=&#8221;{}&#8221;][et_pb_row _builder_version=&#8221;4.16&#8243; _module_preset=&#8221;default&#8221; global_colors_info=&#8221;{}&#8221;][et_pb_column type=&#8221;4_4&#8243; _builder_version=&#8221;4.16&#8243; _module_preset=&#8221;default&#8221; global_colors_info=&#8221;{}&#8221;][et_pb_blog fullwidth=&#8221;off&#8221; posts_number=&#8221;12&#8243; include_categories=&#8221;all&#8221; meta_date=&#8221;F j, Y&#8221; excerpt_length=&#8221;160&#8243; show_more=&#8221;on&#8221; show_author=&#8221;off&#8221; show_categories=&#8221;off&#8221; _builder_version=&#8221;4.27.4&#8243; _module_preset=&#8221;default&#8221; header_level=&#8221;h3&#8243; header_font=&#8221;|700||on|||||&#8221; header_text_color=&#8221;#F3B038&#8243; header_font_size=&#8221;22px&#8221; header_line_height=&#8221;1.2em&#8221; body_font=&#8221;|300|||||||&#8221; body_text_color=&#8221;#434343&#8243; meta_font=&#8221;||||||||&#8221; meta_text_color=&#8221;#004FA3&#8243; meta_font_size=&#8221;16px&#8221; read_more_font=&#8221;|700||on|||||&#8221; read_more_text_color=&#8221;#FFFFFF&#8221; custom_css_title=&#8221;height: 5em;&#8221; border_width_all=&#8221;2px&#8221; border_color_all=&#8221;#00B0BB&#8221; global_colors_info=&#8221;{}&#8221;][\/et_pb_blog][\/et_pb_column][\/et_pb_row][\/et_pb_section]<\/p>\n","protected":false},"excerpt":{"rendered":"<p>NOT\u00cdCIAS E ATUALIZA\u00c7\u00d5ES<\/p>\n","protected":false},"author":4,"featured_media":0,"parent":0,"menu_order":5,"comment_status":"closed","ping_status":"closed","template":"","meta":{"_et_pb_use_builder":"on","_et_pb_old_content":"<p>[et_pb_section fb_built=\"1\" _builder_version=\"4.27.4\" _module_preset=\"default\" background_image=\"https:\/\/www.curacao-agents.com\/wp-content\/uploads\/2025\/03\/CTBE_Beach-1.jpg\" custom_margin=\"0px||0px||false|false\" custom_padding=\"0px||0px||false|false\" hover_enabled=\"0\" locked=\"off\" global_colors_info=\"{}\" title_text=\"CTBE_Beach\" sticky_enabled=\"0\"][et_pb_row module_id=\"hero\" _builder_version=\"4.16\" _module_preset=\"default\" width=\"100%\" height=\"550px\" custom_margin=\"||||false|false\" custom_padding=\"||||false|false\" global_colors_info=\"{}\"][et_pb_column type=\"4_4\" _builder_version=\"4.16\" _module_preset=\"default\" global_colors_info=\"{}\"][et_pb_text module_class=\"brandon\" _builder_version=\"4.27.4\" _module_preset=\"default\" text_text_color=\"#FFFFFF\" text_font_size=\"36px\" text_line_height=\"1.1em\" header_font=\"||||||||\" header_text_align=\"center\" header_text_color=\"#FFFFFF\" header_font_size=\"110px\" header_line_height=\"0.9em\" background_enable_image=\"off\" text_orientation=\"center\" width=\"80%\" max_width=\"1080px\" module_alignment=\"center\" header_font_size_tablet=\"\" header_font_size_phone=\"80px\" header_font_size_last_edited=\"on|phone\" locked=\"off\" global_colors_info=\"{}\"]<\/p><h1>News & updates<\/h1><p>[\/et_pb_text][\/et_pb_column][\/et_pb_row][\/et_pb_section][et_pb_section fb_built=\"1\" _builder_version=\"4.16\" _module_preset=\"default\" global_colors_info=\"{}\"][et_pb_row _builder_version=\"4.16\" _module_preset=\"default\" global_colors_info=\"{}\"][et_pb_column type=\"4_4\" _builder_version=\"4.16\" _module_preset=\"default\" global_colors_info=\"{}\"][et_pb_blog fullwidth=\"off\" posts_number=\"12\" include_categories=\"all\" meta_date=\"F j, Y\" excerpt_length=\"160\" show_more=\"on\" show_author=\"off\" show_categories=\"off\" _builder_version=\"4.27.4\" _module_preset=\"default\" header_level=\"h3\" header_font=\"|700||on|||||\" header_text_color=\"#F3B038\" header_font_size=\"22px\" header_line_height=\"1.2em\" body_font=\"|300|||||||\" body_text_color=\"#434343\" meta_font=\"||||||||\" meta_text_color=\"#004FA3\" meta_font_size=\"16px\" read_more_font=\"|700||on|||||\" read_more_text_color=\"#FFFFFF\" custom_css_title=\"height: 5em;\" border_width_all=\"2px\" border_color_all=\"#00B0BB\" global_colors_info=\"{}\"][\/et_pb_blog][\/et_pb_column][\/et_pb_row][\/et_pb_section]<\/p>","_et_gb_content_width":"","footnotes":""},"class_list":["post-2244","page","type-page","status-publish","hentry"],"_links":{"self":[{"href":"https:\/\/www.curacao-agents.com\/pt-br\/wp-json\/wp\/v2\/pages\/2244","targetHints":{"allow":["GET"]}}],"collection":[{"href":"https:\/\/www.curacao-agents.com\/pt-br\/wp-json\/wp\/v2\/pages"}],"about":[{"href":"https:\/\/www.curacao-agents.com\/pt-br\/wp-json\/wp\/v2\/types\/page"}],"author":[{"embeddable":true,"href":"https:\/\/www.curacao-agents.com\/pt-br\/wp-json\/wp\/v2\/users\/4"}],"replies":[{"embeddable":true,"href":"https:\/\/www.curacao-agents.com\/pt-br\/wp-json\/wp\/v2\/comments?post=2244"}],"version-history":[{"count":3,"href":"https:\/\/www.curacao-agents.com\/pt-br\/wp-json\/wp\/v2\/pages\/2244\/revisions"}],"predecessor-version":[{"id":2247,"href":"https:\/\/www.curacao-agents.com\/pt-br\/wp-json\/wp\/v2\/pages\/2244\/revisions\/2247"}],"wp:attachment":[{"href":"https:\/\/www.curacao-agents.com\/pt-br\/wp-json\/wp\/v2\/media?parent=2244"}],"curies":[{"name":"wp","href":"https:\/\/api.w.org\/{rel}","templated":true}]}}