{"id":1420,"date":"2021-08-19T09:08:41","date_gmt":"2021-08-19T13:08:41","guid":{"rendered":"https:\/\/www.curacao-agents.com\/?page_id=1420"},"modified":"2026-03-10T16:13:43","modified_gmt":"2026-03-10T20:13:43","slug":"equipo","status":"publish","type":"page","link":"https:\/\/www.curacao-agents.com\/es\/equipo\/","title":{"rendered":"Equipo"},"content":{"rendered":"<p>[et_pb_section fb_built=\u00bb1&#8243; _builder_version=\u00bb4.27.4&#8243; _module_preset=\u00bbdefault\u00bb background_image=\u00bbhttps:\/\/www.curacao-agents.com\/wp-content\/uploads\/2025\/03\/Curacao_park.jpg\u00bb custom_margin=\u00bb0px||0px||false|false\u00bb custom_padding=\u00bb0px||0px||false|false\u00bb locked=\u00bboff\u00bb global_colors_info=\u00bb{}\u00bb][et_pb_row module_id=\u00bbhero\u00bb _builder_version=\u00bb4.16&#8243; _module_preset=\u00bbdefault\u00bb width=\u00bb100%\u00bb height=\u00bb550px\u00bb custom_margin=\u00bb0px||0px||false|false\u00bb custom_padding=\u00bb0px||0px||false|false\u00bb global_colors_info=\u00bb{}\u00bb][et_pb_column type=\u00bb4_4&#8243; _builder_version=\u00bb4.16&#8243; _module_preset=\u00bbdefault\u00bb global_colors_info=\u00bb{}\u00bb][et_pb_text module_class=\u00bbbrandon\u00bb _builder_version=\u00bb4.27.4&#8243; _module_preset=\u00bbdefault\u00bb text_text_color=\u00bb#FFFFFF\u00bb text_font_size=\u00bb36px\u00bb text_line_height=\u00bb1.1em\u00bb header_font=\u00bb||||||||\u00bb header_text_align=\u00bbcenter\u00bb header_text_color=\u00bb#FFFFFF\u00bb header_font_size=\u00bb110px\u00bb header_line_height=\u00bb0.9em\u00bb background_enable_image=\u00bboff\u00bb text_orientation=\u00bbcenter\u00bb width=\u00bb80%\u00bb max_width=\u00bb1080px\u00bb module_alignment=\u00bbcenter\u00bb header_font_size_tablet=\u00bb\u00bb header_font_size_phone=\u00bb80px\u00bb header_font_size_last_edited=\u00bbon|phone\u00bb locked=\u00bboff\u00bb global_colors_info=\u00bb{}\u00bb]<\/p>\n<h1>Conoce<br \/>al equipo<\/h1>\n<p>[\/et_pb_text][\/et_pb_column][\/et_pb_row][\/et_pb_section][et_pb_section fb_built=\u00bb1&#8243; _builder_version=\u00bb4.16&#8243; _module_preset=\u00bbdefault\u00bb custom_margin=\u00bb0px||0px||false|false\u00bb custom_padding=\u00bb0px||0px||false|false\u00bb global_colors_info=\u00bb{}\u00bb][et_pb_row _builder_version=\u00bb4.16&#8243; _module_preset=\u00bbdefault\u00bb global_colors_info=\u00bb{}\u00bb][et_pb_column type=\u00bb4_4&#8243; _builder_version=\u00bb4.16&#8243; _module_preset=\u00bbdefault\u00bb global_colors_info=\u00bb{}\u00bb][et_pb_menu menu_id=\u00bb10&#8243; active_link_color=\u00bb#F3B038&#8243; module_class=\u00bbno-burger\u00bb _builder_version=\u00bb4.27.4&#8243; _module_preset=\u00bbdefault\u00bb menu_text_color=\u00bb#004FA3&#8243; global_colors_info=\u00bb{}\u00bb][\/et_pb_menu][\/et_pb_column][\/et_pb_row][\/et_pb_section][et_pb_section fb_built=\u00bb1&#8243; _builder_version=\u00bb4.16&#8243; _module_preset=\u00bbdefault\u00bb custom_margin=\u00bb0px||||false|false\u00bb custom_padding=\u00bb0px||||false|false\u00bb global_colors_info=\u00bb{}\u00bb][et_pb_row column_structure=\u00bb1_3,1_3,1_3&#8243; _builder_version=\u00bb4.16&#8243; _module_preset=\u00bbdefault\u00bb global_colors_info=\u00bb{}\u00bb][et_pb_column type=\u00bb1_3&#8243; _builder_version=\u00bb4.16&#8243; _module_preset=\u00bbdefault\u00bb global_colors_info=\u00bb{}\u00bb][et_pb_image src=\u00bbhttps:\/\/www.curacao-agents.com\/wp-content\/uploads\/2026\/02\/jacqueline-held.jpg\u00bb alt=\u00bbJacqueline Held\u00bb title_text=\u00bbJacqueline Held\u00bb _builder_version=\u00bb4.27.4&#8243; _module_preset=\u00bbdefault\u00bb global_colors_info=\u00bb{}\u00bb][\/et_pb_image][et_pb_text _builder_version=\u00bb4.27.4&#8243; _module_preset=\u00bbdefault\u00bb text_font=\u00bb|300|||||||\u00bb header_4_text_color=\u00bb#004FA3&#8243; header_4_font_size=\u00bb16px\u00bb header_5_font=\u00bb|700||on|||||\u00bb header_5_font_size=\u00bb22px\u00bb header_5_line_height=\u00bb1.3em\u00bb header_6_text_color=\u00bb#004FA3&#8243; header_6_font_size=\u00bb18px\u00bb locked=\u00bboff\u00bb global_colors_info=\u00bb{}\u00bb]<\/p>\n<h5><span>Jacqueline Sybrandy-Held<\/span> &#8211; Gerente regional<\/h5>\n<h6>Norteam\u00e9rica<\/h6>\n<blockquote>\n<p>\u00abLa energ\u00eda de la isla, su gente, su cultura, su gastronom\u00eda y su ambiente \u00fanica. Vivo en el lugar donde todos sue\u00f1an vacacionar.\u00bb<\/p>\n<\/blockquote>\n<p>Jacqueline Sybrandy-Held lidera el desarrollo y ejecuci\u00f3n de estrategias de ventas y posicionamiento de la Oficina de Turismo de Cura\u00e7ao en el mercado norteamericano. Su labor incluye impulsar el crecimiento del turismo, gestionar el equipo regional y proporcionar informaci\u00f3n de gesti\u00f3n y estad\u00edsticas.<\/p>\n<p>Con amplia experiencia en la industria, Sybrandy-Held ha trabajado en el turismo de la isla desde 2008, cuando inici\u00f3 su carrera en el Floris Suite Hotel. A lo largo de los a\u00f1os, ha ocupado diversos puestos en hoteles de la isla, en \u00e1reas como reservas, eventos, ventas y marketing. M\u00e1s recientemente, fue gerente general en Blue Bay Hotel and Services. Antes de eso, fue directora de ventas y marketing en Baoase Luxury Resort.<\/p>\n<p>Aunque naci\u00f3 y creci\u00f3 en los Pa\u00edses Bajos, su abuelo era oriundo de Cura\u00e7ao. Lleva m\u00e1s de 15 a\u00f1os viviendo en la isla y la considera su verdadero hogar.<\/p>\n<p>[\/et_pb_text][et_pb_text _builder_version=\u00bb4.27.4&#8243; _module_preset=\u00bbdefault\u00bb text_font=\u00bb|300|||||||\u00bb link_font=\u00bb|600|||||||\u00bb link_text_color=\u00bb#004FA3&#8243; header_4_font=\u00bb|700|||||||\u00bb header_4_text_color=\u00bb#f5a81c\u00bb header_4_font_size=\u00bb20px\u00bb global_colors_info=\u00bb{}\u00bb]<\/p>\n<h4>Informaci\u00d3n de contacto:<\/h4>\n<p>Correo electr\u00f3nico: <a href=\"mailto:jheld@curacao.com\">jheld@curacao.com<\/a><br \/>Tel\u00e9fono: +599 9 461-8200<\/p>\n<p>[\/et_pb_text][\/et_pb_column][et_pb_column type=\u00bb1_3&#8243; _builder_version=\u00bb4.16&#8243; _module_preset=\u00bbdefault\u00bb global_colors_info=\u00bb{}\u00bb][et_pb_image src=\u00bbhttps:\/\/www.curacao-agents.com\/wp-content\/uploads\/2022\/11\/CTBE_Elain.jpg\u00bb title_text=\u00bbCTBE_Elain\u00bb _builder_version=\u00bb4.18.0&#8243; _module_preset=\u00bbdefault\u00bb locked=\u00bboff\u00bb global_colors_info=\u00bb{}\u00bb][\/et_pb_image][et_pb_text _builder_version=\u00bb4.27.4&#8243; _module_preset=\u00bbdefault\u00bb text_font=\u00bb|300|||||||\u00bb header_4_text_color=\u00bb#004FA3&#8243; header_4_font_size=\u00bb16px\u00bb header_5_font=\u00bb|700||on|||||\u00bb header_5_font_size=\u00bb22px\u00bb header_5_line_height=\u00bb1.3em\u00bb header_6_text_color=\u00bb#004FA3&#8243; header_6_font_size=\u00bb18px\u00bb locked=\u00bboff\u00bb global_colors_info=\u00bb{}\u00bb]<\/p>\n<h5>Elaine Hart \u2013 Francisca &#8211; Gerente regional<\/h5>\n<h6>Sudam\u00e9rica &amp; Caribe<\/h6>\n<blockquote>\n<p>\u201cNo hay nada m\u00e1s gratificante que compartir y promover mi isla, Cura\u00e7ao, como un destino tur\u00edstico aut\u00e9ntico.\u201d<\/p>\n<\/blockquote>\n<p>Elaine inici\u00f3 su carrera en turismo en la Oficina de Turismo de Cura\u00e7ao, despu\u00e9s de graduarse con una licenciatura en Administraci\u00f3n de Empresas, con especializaci\u00f3n en Turismo y Gesti\u00f3n Hotelera. Comenz\u00f3 en el Departamento de marketing, donde coordin\u00f3 todas las iniciativas de marketing y relaciones p\u00fablicas para los mercados del Caribe y Sudam\u00e9rica.<\/p>\n<p>Actualmente, como Gerente regional para el Caribe, tiene la incre\u00edble oportunidad de liderar la regi\u00f3n, fortalecer las relaciones comerciales y alcanzar el objetivo principal de incrementar el n\u00famero de visitantes caribe\u00f1os a la isla.<\/p>\n<p>Elaine est\u00e1 a tu disposici\u00f3n para cualquier consulta sobre nuestro hermoso destino. Trabajemos juntos para impulsar los viajes dentro del Caribe.<\/p>\n<p>[\/et_pb_text][et_pb_text _builder_version=\u00bb4.27.4&#8243; _module_preset=\u00bbdefault\u00bb text_font=\u00bb|300|||||||\u00bb link_font=\u00bb|600|||||||\u00bb link_text_color=\u00bb#004FA3&#8243; header_4_font=\u00bb|700|||||||\u00bb header_4_text_color=\u00bb#f5a81c\u00bb header_4_font_size=\u00bb20px\u00bb locked=\u00bboff\u00bb global_colors_info=\u00bb{}\u00bb]<\/p>\n<h4>Informaci\u00d3n de contacto:<\/h4>\n<p>Correo electr\u00f3nico: <a href=\"mailto:efrancisca@curacao.com\">efrancisca@curacao.com<\/a><br \/>Tel\u00e9fono: +599 9 510-8081<\/p>\n<p>[\/et_pb_text][\/et_pb_column][et_pb_column type=\u00bb1_3&#8243; _builder_version=\u00bb4.16&#8243; _module_preset=\u00bbdefault\u00bb global_colors_info=\u00bb{}\u00bb][et_pb_image src=\u00bbhttps:\/\/www.curacao-agents.com\/wp-content\/uploads\/2021\/08\/team-muryad.jpg\u00bb title_text=\u00bbMuryad de Bruin\u00bb disabled_on=\u00bboff|off|off\u00bb _builder_version=\u00bb4.27.4&#8243; _module_preset=\u00bbdefault\u00bb global_colors_info=\u00bb{}\u00bb][\/et_pb_image][et_pb_text disabled_on=\u00bboff|off|off\u00bb _builder_version=\u00bb4.27.4&#8243; _module_preset=\u00bbdefault\u00bb text_font=\u00bb|300|||||||\u00bb header_4_text_color=\u00bb#004FA3&#8243; header_4_font_size=\u00bb16px\u00bb header_5_font=\u00bb|700||on|||||\u00bb header_5_font_size=\u00bb22px\u00bb header_5_line_height=\u00bb1.3em\u00bb header_6_text_color=\u00bb#004FA3&#8243; header_6_font_size=\u00bb18px\u00bb global_colors_info=\u00bb{}\u00bb]<\/p>\n<h5>Muryad de Bruin &#8211; Director general<\/h5>\n<h6>Europa<\/h6>\n<p>[\/et_pb_text][\/et_pb_column][\/et_pb_row][\/et_pb_section]<\/p>\n","protected":false},"excerpt":{"rendered":"<p>Conoceal equipoJacqueline Sybrandy-Held &#8211; Gerente regional Norteam\u00e9rica \u00abLa energ\u00eda de la isla, su gente, su cultura, su gastronom\u00eda y su ambiente \u00fanica. Vivo en el lugar donde todos sue\u00f1an vacacionar.\u00bb [&hellip;]<\/p>\n","protected":false},"author":7,"featured_media":0,"parent":0,"menu_order":6,"comment_status":"closed","ping_status":"closed","template":"","meta":{"_et_pb_use_builder":"on","_et_pb_old_content":"[et_pb_section fb_built=\"1\" _builder_version=\"4.23.4\" _module_preset=\"default\" background_image=\"https:\/\/www.curacao-agents.com\/wp-content\/uploads\/2021\/08\/beach.jpg\" custom_margin=\"0px||0px||false|false\" custom_padding=\"0px||0px||false|false\" locked=\"off\" global_colors_info=\"{}\"][et_pb_row module_id=\"hero\" _builder_version=\"4.16\" _module_preset=\"default\" width=\"100%\" height=\"550px\" custom_margin=\"0px||0px||false|false\" custom_padding=\"0px||0px||false|false\" global_colors_info=\"{}\"][et_pb_column type=\"4_4\" _builder_version=\"4.16\" _module_preset=\"default\" global_colors_info=\"{}\"][et_pb_text module_class=\"brandon\" _builder_version=\"4.16\" _module_preset=\"default\" text_text_color=\"#FFFFFF\" text_font_size=\"36px\" text_line_height=\"1.1em\" header_font=\"TheHistoria||||||||\" header_text_align=\"center\" header_text_color=\"#FFFFFF\" header_font_size=\"120px\" header_line_height=\"0.9em\" background_enable_image=\"off\" text_orientation=\"center\" width=\"80%\" max_width=\"1080px\" module_alignment=\"center\" header_font_size_tablet=\"\" header_font_size_phone=\"80px\" header_font_size_last_edited=\"on|phone\" locked=\"off\" global_colors_info=\"{}\"]<h1>Meet<br \/>the team<\/h1>[\/et_pb_text][\/et_pb_column][\/et_pb_row][\/et_pb_section][et_pb_section fb_built=\"1\" _builder_version=\"4.16\" _module_preset=\"default\" custom_margin=\"0px||0px||false|false\" custom_padding=\"0px||0px||false|false\" global_colors_info=\"{}\"][et_pb_row _builder_version=\"4.16\" _module_preset=\"default\" global_colors_info=\"{}\"][et_pb_column type=\"4_4\" _builder_version=\"4.16\" _module_preset=\"default\" global_colors_info=\"{}\"][et_pb_menu menu_id=\"10\" module_class=\"no-burger\" _builder_version=\"4.16\" _module_preset=\"default\" global_colors_info=\"{}\"][\/et_pb_menu][\/et_pb_column][\/et_pb_row][\/et_pb_section][et_pb_section fb_built=\"1\" _builder_version=\"4.16\" _module_preset=\"default\" custom_margin=\"0px||||false|false\" custom_padding=\"0px||||false|false\" global_colors_info=\"{}\"][et_pb_row column_structure=\"1_3,1_3,1_3\" _builder_version=\"4.16\" _module_preset=\"default\" custom_margin=\"0px||||false|false\" custom_padding=\"0px||||false|false\" global_colors_info=\"{}\"][et_pb_column type=\"1_3\" _builder_version=\"4.16\" _module_preset=\"default\" global_colors_info=\"{}\"][et_pb_image src=\"https:\/\/www.curacao-agents.com\/wp-content\/uploads\/2022\/08\/team-jacqueline.jpg\" alt=\"Jacqueline Sybrandy-Held\" title_text=\"Jacqueline Sybrandy-Held\" _builder_version=\"4.23.4\" _module_preset=\"default\" hover_enabled=\"0\" global_colors_info=\"{}\" sticky_enabled=\"0\"][\/et_pb_image][et_pb_text _builder_version=\"4.18.0\" _module_preset=\"default\" text_font=\"|300|||||||\" header_4_text_color=\"#3399ff\" header_4_font_size=\"16px\" locked=\"off\" global_colors_info=\"{}\"]<h3><span>Jacqueline Sybrandy-Held<\/span> - Regional Manager<\/h3>\r\n<h4>North America<\/h4>\r\n<blockquote>\"The island vibe, its people, culture, food and its total feel. I live where everyone wants to vacation.\"<\/blockquote>\r\n<p>Jacqueline Sybrandy-Held will oversees the development and implementation of sales and branding efforts for the CTB within the North American market. In her role she is responsible for growth in tourism arrivals, management of the region\u2019s team and provision of (statistical) management information.\r\n\r\nKeenly qualified for the role, Sybrandy-Held has worked within the island\u2019s tourism space since 2008 when she began her career at Floris Suite Hotel. Since then, she has worked at various hotels in Cura\u00e7ao across departments including reservations, convention services, events, sales and marketing and most recently, as general manager at Blue Bay Hotel and Services. Prior to that she was Director of Sales & Marketing at Baoase Luxury Resort. \r\n\r\nWhile she was born and raised in the Netherlands, her grandfather comes from Curacao. She has been living on the island for more than 15 years and call Cura\u00e7ao her true home.<\/p>[\/et_pb_text][et_pb_text _builder_version=\"4.17.6\" _module_preset=\"default\" text_font=\"|300|||||||\" header_4_font=\"|700|||||||\" header_4_text_color=\"#f5a81c\" global_colors_info=\"{}\"]<h4>Contact details:<\/h4>\r\n<p>E-mail: <a href=\"mailto:jheld@curacao.com\">jheld@curacao.com<\/a><br \/>Phone: +599 9 461-8200<\/p>[\/et_pb_text][\/et_pb_column][et_pb_column type=\"1_3\" _builder_version=\"4.16\" _module_preset=\"default\" global_colors_info=\"{}\"][et_pb_image src=\"https:\/\/www.curacao-agents.com\/wp-content\/uploads\/2022\/11\/CTBE_Elain.jpg\" title_text=\"CTBE_Elain\" _builder_version=\"4.18.0\" _module_preset=\"default\" locked=\"off\" global_colors_info=\"{}\"][\/et_pb_image][et_pb_text _builder_version=\"4.18.0\" _module_preset=\"default\" text_font=\"|300|||||||\" header_4_text_color=\"#3399ff\" header_4_font_size=\"16px\" locked=\"off\" global_colors_info=\"{}\"]<h3>Elaine Hart \u2013 Francisca - Regional Manager<\/h3>\r\n<h4>Caribbean<\/h4>\r\n<blockquote>\r\n<p>\u201cThere is nothing more special than sharing and selling my island, Cura\u00e7ao, as an authentic tourism destination.\u201d<\/p>\r\n<\/blockquote>\r\n<p>Elaine started her tourism career at the Cura\u00e7ao Tourist Board, right after she graduated with a Bachelor\u2019s Degree in Business Administration, majoring in Tourism and Hospitality Management. She first started off in the Marketing Department, coordinating all the marketing and public relations initiatives for both the Caribbean and the South American markets.<\/p>\r\n<p>Now as the Regional Manager of the Caribbean, Elaine has the amazing opportunity to manage the Caribbean region, i.a. further reinforce trade relationships within the markets, to achieve the primary goal of increasing the Caribbean visitor arrival numbers.<\/p>\r\n<p>Elaine remains at your service for any questions you may have about our beautiful destination, let\u2019s work together on increasing intra-Caribbean travel.<\/p>[\/et_pb_text][et_pb_text _builder_version=\"4.18.0\" _module_preset=\"default\" text_font=\"|300|||||||\" header_4_font=\"|700|||||||\" header_4_text_color=\"#f5a81c\" locked=\"off\" global_colors_info=\"{}\"]<h4>Contact details:<\/h4>\r\n<p>E-mail: <a href=\"mailto:efrancisca@curacao.com\">efrancisca@curacao.com<\/a>\u00a0<br \/>Phone: +599 9 510-8081<\/p>[\/et_pb_text][\/et_pb_column][et_pb_column type=\"1_3\" _builder_version=\"4.16\" _module_preset=\"default\" global_colors_info=\"{}\"][et_pb_image src=\"https:\/\/www.curacao-agents.com\/wp-content\/uploads\/2024\/03\/Susan_Vrolijk-2.jpg\" title_text=\"Susan_Vrolijk-2\" disabled_on=\"off|off|off\" _builder_version=\"4.23.4\" _module_preset=\"default\" global_colors_info=\"{}\"][\/et_pb_image][et_pb_text disabled_on=\"off|off|off\" _builder_version=\"4.23.4\" _module_preset=\"default\" text_font=\"|300|||||||\" header_4_text_color=\"#3399ff\" header_4_font_size=\"16px\" global_colors_info=\"{}\"]<h3>Susan Vrolijk - Regional Manager<\/h3>\r\n<h4>Europe<\/h4>\r\n\r\n<blockquote>\"I love sharing the passion I feel for our beautiful island with our European travel partners.\"<\/blockquote>\r\n\r\n<p>Susan Vrolijk was appointed as regional manager \u2013 Europe in February 2024. With a wealth of experience in marketing and communication across different roles in the consultancy business, Susan is now taking on the responsibility to promote her beloved home island of Cura\u00e7ao to European travelers.<\/p>\r\n\r\n<p>Cura\u00e7ao is so much more than just sun, sea and beach. Once you have visited Cura\u00e7ao, you will bring home the warmth and hospitality of the people, the colors, vibes and tastes that will remind you of our unique island in the Southern Caribbean. The best thing about my job is the product and the people. We are continuously developing to increase the quality of our product. I personally think that is very important.<\/p>[\/et_pb_text][et_pb_text disabled_on=\"off|off|off\" _builder_version=\"4.23.4\" _module_preset=\"default\" text_font=\"|300|||||||\" header_4_font=\"|700|||||||\" header_4_text_color=\"#f5a81c\" global_colors_info=\"{}\"]<h4>Contact details:<\/h4>\r\n<p>E-mail: <a href=\"mailto:svrolijk@curacao.com\">svrolijk@curacao.com<\/a>\u00a0<br \/>Phone: +31 612 992 982<\/p>[\/et_pb_text][\/et_pb_column][\/et_pb_row][\/et_pb_section]","_et_gb_content_width":"","footnotes":""},"class_list":["post-1420","page","type-page","status-publish","hentry"],"_links":{"self":[{"href":"https:\/\/www.curacao-agents.com\/es\/wp-json\/wp\/v2\/pages\/1420","targetHints":{"allow":["GET"]}}],"collection":[{"href":"https:\/\/www.curacao-agents.com\/es\/wp-json\/wp\/v2\/pages"}],"about":[{"href":"https:\/\/www.curacao-agents.com\/es\/wp-json\/wp\/v2\/types\/page"}],"author":[{"embeddable":true,"href":"https:\/\/www.curacao-agents.com\/es\/wp-json\/wp\/v2\/users\/7"}],"replies":[{"embeddable":true,"href":"https:\/\/www.curacao-agents.com\/es\/wp-json\/wp\/v2\/comments?post=1420"}],"version-history":[{"count":12,"href":"https:\/\/www.curacao-agents.com\/es\/wp-json\/wp\/v2\/pages\/1420\/revisions"}],"predecessor-version":[{"id":2757,"href":"https:\/\/www.curacao-agents.com\/es\/wp-json\/wp\/v2\/pages\/1420\/revisions\/2757"}],"wp:attachment":[{"href":"https:\/\/www.curacao-agents.com\/es\/wp-json\/wp\/v2\/media?parent=1420"}],"curies":[{"name":"wp","href":"https:\/\/api.w.org\/{rel}","templated":true}]}}